{"id":4896,"date":"2024-05-13T08:57:50","date_gmt":"2024-05-13T08:57:50","guid":{"rendered":"https:\/\/friskfisk.onyva.xyz\/?page_id=4896"},"modified":"2024-09-25T19:26:49","modified_gmt":"2024-09-25T19:26:49","slug":"faq","status":"publish","type":"page","link":"https:\/\/friskfisk.onyva.xyz\/en\/faq\/","title":{"rendered":"FAQ"},"content":{"rendered":"","protected":false},"excerpt":{"rendered":"","protected":false},"author":1,"featured_media":0,"parent":0,"menu_order":0,"comment_status":"closed","ping_status":"closed","template":"","meta":{"_acf_changed":false,"slim_seo":{"title":"H\u00e4ufig gestellte Fragen: Alles Wissenswerte \u00fcber Frisk Fisk","description":"Erfahre mehr \u00fcber die Welt unseres exquisiten Lachses bei Frisk Fisk und finde Antworten auf FAQs zu unseren hochwertigen Produkten, Qualit\u00e4tsstandards und Services."},"footnotes":""},"class_list":["post-4896","page","type-page","status-publish","hentry"],"acf":[],"_links":{"self":[{"href":"https:\/\/friskfisk.onyva.xyz\/en\/wp-json\/wp\/v2\/pages\/4896","targetHints":{"allow":["GET"]}}],"collection":[{"href":"https:\/\/friskfisk.onyva.xyz\/en\/wp-json\/wp\/v2\/pages"}],"about":[{"href":"https:\/\/friskfisk.onyva.xyz\/en\/wp-json\/wp\/v2\/types\/page"}],"author":[{"embeddable":true,"href":"https:\/\/friskfisk.onyva.xyz\/en\/wp-json\/wp\/v2\/users\/1"}],"replies":[{"embeddable":true,"href":"https:\/\/friskfisk.onyva.xyz\/en\/wp-json\/wp\/v2\/comments?post=4896"}],"version-history":[{"count":9,"href":"https:\/\/friskfisk.onyva.xyz\/en\/wp-json\/wp\/v2\/pages\/4896\/revisions"}],"predecessor-version":[{"id":5538,"href":"https:\/\/friskfisk.onyva.xyz\/en\/wp-json\/wp\/v2\/pages\/4896\/revisions\/5538"}],"wp:attachment":[{"href":"https:\/\/friskfisk.onyva.xyz\/en\/wp-json\/wp\/v2\/media?parent=4896"}],"curies":[{"name":"wp","href":"https:\/\/api.w.org\/{rel}","templated":true}]}}