{"id":414,"date":"2023-09-23T18:06:47","date_gmt":"2023-09-23T18:06:47","guid":{"rendered":"https:\/\/friskfisk.onyva.xyz\/?page_id=414"},"modified":"2024-09-20T14:49:55","modified_gmt":"2024-09-20T14:49:55","slug":"seafood-restaurant-zuerich-niederdorf","status":"publish","type":"page","link":"https:\/\/friskfisk.onyva.xyz\/en\/seafood-restaurant-zuerich-niederdorf\/","title":{"rendered":"Restaurant"},"content":{"rendered":"","protected":false},"excerpt":{"rendered":"","protected":false},"author":1,"featured_media":0,"parent":0,"menu_order":0,"comment_status":"closed","ping_status":"closed","template":"","meta":{"_acf_changed":false,"slim_seo":{"title":"Seafood Restaurant in Z\u00fcrich f\u00fcr Feinschmecker \u223c FriskFisk","description":"Genie\u00dfe erstklassige Seafood-Kreationen und vegetarische Spezialit\u00e4ten in einem bezaubernden Fischrestaurant mitten im Niederdorf von Z\u00fcrich."},"footnotes":""},"class_list":["post-414","page","type-page","status-publish","hentry"],"acf":[],"_links":{"self":[{"href":"https:\/\/friskfisk.onyva.xyz\/en\/wp-json\/wp\/v2\/pages\/414","targetHints":{"allow":["GET"]}}],"collection":[{"href":"https:\/\/friskfisk.onyva.xyz\/en\/wp-json\/wp\/v2\/pages"}],"about":[{"href":"https:\/\/friskfisk.onyva.xyz\/en\/wp-json\/wp\/v2\/types\/page"}],"author":[{"embeddable":true,"href":"https:\/\/friskfisk.onyva.xyz\/en\/wp-json\/wp\/v2\/users\/1"}],"replies":[{"embeddable":true,"href":"https:\/\/friskfisk.onyva.xyz\/en\/wp-json\/wp\/v2\/comments?post=414"}],"version-history":[{"count":60,"href":"https:\/\/friskfisk.onyva.xyz\/en\/wp-json\/wp\/v2\/pages\/414\/revisions"}],"predecessor-version":[{"id":5162,"href":"https:\/\/friskfisk.onyva.xyz\/en\/wp-json\/wp\/v2\/pages\/414\/revisions\/5162"}],"wp:attachment":[{"href":"https:\/\/friskfisk.onyva.xyz\/en\/wp-json\/wp\/v2\/media?parent=414"}],"curies":[{"name":"wp","href":"https:\/\/api.w.org\/{rel}","templated":true}]}}